{"id":538,"date":"2021-08-12T11:29:12","date_gmt":"2021-08-12T08:29:12","guid":{"rendered":"https:\/\/www.vet4cat.fi\/404-virhesivu\/"},"modified":"2021-08-12T11:29:12","modified_gmt":"2021-08-12T08:29:12","slug":"404-virhesivu","status":"publish","type":"page","link":"https:\/\/www.vet4cat.fi\/ru\/404-virhesivu\/","title":{"rendered":"404-virhesivu"},"content":{"rendered":"<section class=\"l-section wpb_row height_large\"><div class=\"l-section-h i-cf\"><div class=\"g-cols vc_row via_flex valign_top type_default stacking_default\"><div class=\"vc_col-sm-12 wpb_column vc_column_container\"><div class=\"vc_column-inner\"><div class=\"wpb_wrapper\">[vc_custom_heading text=&#187;Ups, jotain meni pieleen&#8230;.&#187; font_container=&#187;tag:h1|text_align:center&#187; use_theme_fonts=&#187;yes&#187;]<div class=\"g-cols wpb_row via_flex valign_top type_default stacking_default\"><div class=\"vc_col-sm-2 vc_hidden-sm vc_hidden-xs wpb_column vc_column_container\"><div class=\"vc_column-inner\"><div class=\"wpb_wrapper\"><\/div><\/div><\/div><div class=\"vc_col-sm-12 vc_col-lg-8 vc_col-md-8 wpb_column vc_column_container align_center\"><div class=\"vc_column-inner\"><div class=\"wpb_wrapper\"><div class=\"wpb_text_column ingressi\"><div class=\"wpb_wrapper\"><p style=\"text-align: center;\">Pahoittelut, hakemaasi sivua ei l\u00f6ytynyt. Joskus n\u00e4in voi k\u00e4yd\u00e4..<\/p>\n<\/div><\/div><div class=\"w-separator size_medium\"><\/div><div class=\"w-btn-wrapper align_center\"><a class=\"w-btn us-btn-style_1\" href=\"\/\"><span class=\"w-btn-label\">Etusivulle<\/span><\/a><\/div><\/div><\/div><\/div><div class=\"vc_col-sm-2 vc_hidden-sm vc_hidden-xs wpb_column vc_column_container\"><div class=\"vc_column-inner\"><div class=\"wpb_wrapper\"><\/div><\/div><\/div><\/div><\/div><\/div><\/div><\/div><\/div><\/section>\n","protected":false},"excerpt":{"rendered":"[vc_custom_heading text=\"Ups, jotain meni pieleen....\" font_container=\"tag:h1|text_align:center\" use_theme_fonts=\"yes\"]Pahoittelut, hakemaasi sivua ei l\u00f6ytynyt. Joskus n\u00e4in voi k\u00e4yd\u00e4.. Etusivulle","protected":false},"author":1,"featured_media":0,"parent":0,"menu_order":400,"comment_status":"closed","ping_status":"closed","template":"","meta":{"footnotes":""},"class_list":["post-538","page","type-page","status-publish","hentry"],"yoast_head":"<!-- This site is optimized with the Yoast SEO plugin v25.0 - https:\/\/yoast.com\/wordpress\/plugins\/seo\/ -->\n<title>404-virhesivu - Vet4cat<\/title>\n<meta name=\"robots\" content=\"index, follow, max-snippet:-1, max-image-preview:large, max-video-preview:-1\" \/>\n<link rel=\"canonical\" href=\"https:\/\/www.vet4cat.fi\/ru\/404-virhesivu\/\" \/>\n<meta property=\"og:locale\" content=\"ru_RU\" \/>\n<meta property=\"og:type\" content=\"article\" \/>\n<meta property=\"og:title\" content=\"404-virhesivu - Vet4cat\" \/>\n<meta property=\"og:url\" content=\"https:\/\/www.vet4cat.fi\/ru\/404-virhesivu\/\" \/>\n<meta property=\"og:site_name\" content=\"Vet4cat\" \/>\n<meta property=\"og:image\" content=\"https:\/\/www.vet4cat.fi\/wp-content\/uploads\/FB-vet4cat-v3.jpg\" \/>\n\t<meta property=\"og:image:width\" content=\"1200\" \/>\n\t<meta property=\"og:image:height\" content=\"630\" \/>\n\t<meta property=\"og:image:type\" content=\"image\/jpeg\" \/>\n<meta name=\"twitter:card\" content=\"summary_large_image\" \/>\n<meta name=\"twitter:label1\" content=\"\u041f\u0440\u0438\u043c\u0435\u0440\u043d\u043e\u0435 \u0432\u0440\u0435\u043c\u044f \u0434\u043b\u044f \u0447\u0442\u0435\u043d\u0438\u044f\" \/>\n\t<meta name=\"twitter:data1\" content=\"1 \u043c\u0438\u043d\u0443\u0442\u0430\" \/>\n<script type=\"application\/ld+json\" class=\"yoast-schema-graph\">{\"@context\":\"https:\/\/schema.org\",\"@graph\":[{\"@type\":\"WebPage\",\"@id\":\"https:\/\/www.vet4cat.fi\/ru\/404-virhesivu\/\",\"url\":\"https:\/\/www.vet4cat.fi\/ru\/404-virhesivu\/\",\"name\":\"404-virhesivu - Vet4cat\",\"isPartOf\":{\"@id\":\"https:\/\/www.vet4cat.fi\/#website\"},\"datePublished\":\"2021-08-12T08:29:12+00:00\",\"breadcrumb\":{\"@id\":\"https:\/\/www.vet4cat.fi\/ru\/404-virhesivu\/#breadcrumb\"},\"inLanguage\":\"ru-RU\",\"potentialAction\":[{\"@type\":\"ReadAction\",\"target\":[\"https:\/\/www.vet4cat.fi\/ru\/404-virhesivu\/\"]}]},{\"@type\":\"BreadcrumbList\",\"@id\":\"https:\/\/www.vet4cat.fi\/ru\/404-virhesivu\/#breadcrumb\",\"itemListElement\":[{\"@type\":\"ListItem\",\"position\":1,\"name\":\"Home\",\"item\":\"https:\/\/www.vet4cat.fi\/ru\/\"},{\"@type\":\"ListItem\",\"position\":2,\"name\":\"404-virhesivu\"}]},{\"@type\":\"WebSite\",\"@id\":\"https:\/\/www.vet4cat.fi\/#website\",\"url\":\"https:\/\/www.vet4cat.fi\/\",\"name\":\"Vet4cat\",\"description\":\"El&auml;inl&auml;&auml;k&auml;ri kissoille - Tampere\",\"potentialAction\":[{\"@type\":\"SearchAction\",\"target\":{\"@type\":\"EntryPoint\",\"urlTemplate\":\"https:\/\/www.vet4cat.fi\/?s={search_term_string}\"},\"query-input\":{\"@type\":\"PropertyValueSpecification\",\"valueRequired\":true,\"valueName\":\"search_term_string\"}}],\"inLanguage\":\"ru-RU\"}]}<\/script>\n<!-- \/ Yoast SEO plugin. -->","yoast_head_json":{"title":"404-virhesivu - Vet4cat","robots":{"index":"index","follow":"follow","max-snippet":"max-snippet:-1","max-image-preview":"max-image-preview:large","max-video-preview":"max-video-preview:-1"},"canonical":"https:\/\/www.vet4cat.fi\/ru\/404-virhesivu\/","og_locale":"ru_RU","og_type":"article","og_title":"404-virhesivu - Vet4cat","og_url":"https:\/\/www.vet4cat.fi\/ru\/404-virhesivu\/","og_site_name":"Vet4cat","og_image":[{"width":1200,"height":630,"url":"https:\/\/www.vet4cat.fi\/wp-content\/uploads\/FB-vet4cat-v3.jpg","type":"image\/jpeg"}],"twitter_card":"summary_large_image","twitter_misc":{"\u041f\u0440\u0438\u043c\u0435\u0440\u043d\u043e\u0435 \u0432\u0440\u0435\u043c\u044f \u0434\u043b\u044f \u0447\u0442\u0435\u043d\u0438\u044f":"1 \u043c\u0438\u043d\u0443\u0442\u0430"},"schema":{"@context":"https:\/\/schema.org","@graph":[{"@type":"WebPage","@id":"https:\/\/www.vet4cat.fi\/ru\/404-virhesivu\/","url":"https:\/\/www.vet4cat.fi\/ru\/404-virhesivu\/","name":"404-virhesivu - Vet4cat","isPartOf":{"@id":"https:\/\/www.vet4cat.fi\/#website"},"datePublished":"2021-08-12T08:29:12+00:00","breadcrumb":{"@id":"https:\/\/www.vet4cat.fi\/ru\/404-virhesivu\/#breadcrumb"},"inLanguage":"ru-RU","potentialAction":[{"@type":"ReadAction","target":["https:\/\/www.vet4cat.fi\/ru\/404-virhesivu\/"]}]},{"@type":"BreadcrumbList","@id":"https:\/\/www.vet4cat.fi\/ru\/404-virhesivu\/#breadcrumb","itemListElement":[{"@type":"ListItem","position":1,"name":"Home","item":"https:\/\/www.vet4cat.fi\/ru\/"},{"@type":"ListItem","position":2,"name":"404-virhesivu"}]},{"@type":"WebSite","@id":"https:\/\/www.vet4cat.fi\/#website","url":"https:\/\/www.vet4cat.fi\/","name":"Vet4cat","description":"El&auml;inl&auml;&auml;k&auml;ri kissoille - Tampere","potentialAction":[{"@type":"SearchAction","target":{"@type":"EntryPoint","urlTemplate":"https:\/\/www.vet4cat.fi\/?s={search_term_string}"},"query-input":{"@type":"PropertyValueSpecification","valueRequired":true,"valueName":"search_term_string"}}],"inLanguage":"ru-RU"}]}},"_links":{"self":[{"href":"https:\/\/www.vet4cat.fi\/ru\/wp-json\/wp\/v2\/pages\/538","targetHints":{"allow":["GET"]}}],"collection":[{"href":"https:\/\/www.vet4cat.fi\/ru\/wp-json\/wp\/v2\/pages"}],"about":[{"href":"https:\/\/www.vet4cat.fi\/ru\/wp-json\/wp\/v2\/types\/page"}],"author":[{"embeddable":true,"href":"https:\/\/www.vet4cat.fi\/ru\/wp-json\/wp\/v2\/users\/1"}],"replies":[{"embeddable":true,"href":"https:\/\/www.vet4cat.fi\/ru\/wp-json\/wp\/v2\/comments?post=538"}],"version-history":[{"count":0,"href":"https:\/\/www.vet4cat.fi\/ru\/wp-json\/wp\/v2\/pages\/538\/revisions"}],"wp:attachment":[{"href":"https:\/\/www.vet4cat.fi\/ru\/wp-json\/wp\/v2\/media?parent=538"}],"curies":[{"name":"wp","href":"https:\/\/api.w.org\/{rel}","templated":true}]}}